{"id":807,"date":"2026-01-02T00:08:00","date_gmt":"2026-01-02T00:08:00","guid":{"rendered":"https:\/\/jardineusebiolillo.cl\/?page_id=807"},"modified":"2026-02-19T04:39:45","modified_gmt":"2026-02-19T04:39:45","slug":"matricula-2025","status":"publish","type":"page","link":"https:\/\/jardineusebiolillo.cl\/?page_id=807","title":{"rendered":"Matricula 2026"},"content":{"rendered":"<p><strong><span class=\"so-premium-web-font\" style=\"font-family: Afacad;\" data-web-font-module=\"google\" data-font-info=\"{&quot;font&quot;:&quot;Afacad&quot;,&quot;webfont&quot;:true,&quot;variant&quot;:&quot;regular&quot;,&quot;module&quot;:&quot;google&quot;}\">\u00a1Atenci\u00f3n, familias!<\/span><\/strong><\/p>\n<p><span class=\"so-premium-web-font\" style=\"font-family: Afacad;\" data-web-font-module=\"google\" data-font-info=\"{&quot;font&quot;:&quot;Afacad&quot;,&quot;webfont&quot;:true,&quot;variant&quot;:&quot;regular&quot;,&quot;module&quot;:&quot;google&quot;}\">Nos complace anunciar la apertura de matr\u00edculas para el a\u00f1o 2026 en nuestro <strong>Jard\u00edn Infantil y Escuela de Lenguaje Eusebio Lillo<\/strong>. Ofrecemos\u00a0<strong>educaci\u00f3n gratuita<\/strong>\u00a0con jornadas tanto en la ma\u00f1ana como en la tarde, y contamos con niveles desde Medio Mayor, Prekinder y Kinder para ni\u00f1os desde los 3 a\u00f1os.<\/span><\/p>\n<p><span class=\"so-premium-web-font\" style=\"font-family: Afacad;\" data-web-font-module=\"google\" data-font-info=\"{&quot;font&quot;:&quot;Afacad&quot;,&quot;webfont&quot;:true,&quot;variant&quot;:&quot;regular&quot;,&quot;module&quot;:&quot;google&quot;}\">Nuestras instalaciones cuentan con un amplio espacio educativo y de recreaci\u00f3n, atenci\u00f3n especializada de fonoaudi\u00f3loga y educadoras, adem\u00e1s de un ambiente familiar con pocos alumnos por curso, lo que asegura una atenci\u00f3n personalizada para cada ni\u00f1o. Tambi\u00e9n disponemos de tecnolog\u00eda multimedia en todas las salas.<\/span><\/p>\n<p><span class=\"so-premium-web-font\" style=\"font-family: Afacad;\" data-web-font-module=\"google\" data-font-info=\"{&quot;font&quot;:&quot;Afacad&quot;,&quot;webfont&quot;:true,&quot;variant&quot;:&quot;regular&quot;,&quot;module&quot;:&quot;google&quot;}\">\u00a1No pierdas la oportunidad de inscribir a tu hijo en un lugar donde aprender jugando es la prioridad!<\/span><\/p>\n<p><span class=\"so-premium-web-font\" style=\"font-family: Afacad;\" data-web-font-module=\"google\" data-font-info=\"{&quot;font&quot;:&quot;Afacad&quot;,&quot;webfont&quot;:true,&quot;variant&quot;:&quot;regular&quot;,&quot;module&quot;:&quot;google&quot;}\"><strong>\u00a1Cont\u00e1ctanos ahora mismo para m\u00e1s informaci\u00f3n y asegurar la matr\u00edcula de tu hijo!<\/strong><\/span><\/p>\n<ul>\n<li><span class=\"so-premium-web-font\" style=\"font-family: Afacad;\" data-web-font-module=\"google\" data-font-info=\"{&quot;font&quot;:&quot;Afacad&quot;,&quot;webfont&quot;:true,&quot;variant&quot;:&quot;regular&quot;,&quot;module&quot;:&quot;google&quot;}\">Tel\u00e9fonos:\u00a0<strong>243672317 &#8211; 243672316<\/strong><\/span><\/li>\n<li><span class=\"so-premium-web-font\" style=\"font-family: Afacad;\" data-web-font-module=\"google\" data-font-info=\"{&quot;font&quot;:&quot;Afacad&quot;,&quot;webfont&quot;:true,&quot;variant&quot;:&quot;regular&quot;,&quot;module&quot;:&quot;google&quot;}\">WhatsApp:\u00a0<strong>+56 97130 2812<\/strong><\/span><\/li>\n<li><span class=\"so-premium-web-font\" style=\"font-family: Afacad;\" data-web-font-module=\"google\" data-font-info=\"{&quot;font&quot;:&quot;Afacad&quot;,&quot;webfont&quot;:true,&quot;variant&quot;:&quot;regular&quot;,&quot;module&quot;:&quot;google&quot;}\">Facebook:\u00a0<strong>Jard\u00edn Infantil y Escuela de Lenguaje Eusebio Lillo<\/strong><\/span><\/li>\n<li><span class=\"so-premium-web-font\" style=\"font-family: Afacad;\" data-web-font-module=\"google\" data-font-info=\"{&quot;font&quot;:&quot;Afacad&quot;,&quot;webfont&quot;:true,&quot;variant&quot;:&quot;regular&quot;,&quot;module&quot;:&quot;google&quot;}\">P\u00e1gina web:\u00a0<a href=\"https:\/\/jardineusebiolillo.cl\/?page_id=174\" target=\"_new\" rel=\"noopener\">www.jardineusebiolillo.cl\/contacto<\/a><\/span><\/li>\n<\/ul>\n<p><span class=\"so-premium-web-font\" style=\"font-family: Afacad;\" data-web-font-module=\"google\" data-font-info=\"{&quot;font&quot;:&quot;Afacad&quot;,&quot;webfont&quot;:true,&quot;variant&quot;:&quot;regular&quot;,&quot;module&quot;:&quot;google&quot;}\">\u00a1Esperamos verte pronto!<\/span><\/p>\n<p><a href=\"https:\/\/i0.wp.com\/jardineusebiolillo.cl\/wp-content\/uploads\/2024\/08\/IMG-20240820-WA0013.jpg?ssl=1\"><img data-recalc-dims=\"1\" loading=\"lazy\" decoding=\"async\" class=\"aligncenter size-full wp-image-808\" src=\"https:\/\/i0.wp.com\/jardineusebiolillo.cl\/wp-content\/uploads\/2024\/08\/IMG-20240820-WA0013.jpg?resize=581%2C804&#038;ssl=1\" alt=\"\" width=\"581\" height=\"804\" srcset=\"https:\/\/i0.wp.com\/jardineusebiolillo.cl\/wp-content\/uploads\/2024\/08\/IMG-20240820-WA0013.jpg?w=581&amp;ssl=1 581w, https:\/\/i0.wp.com\/jardineusebiolillo.cl\/wp-content\/uploads\/2024\/08\/IMG-20240820-WA0013.jpg?resize=217%2C300&amp;ssl=1 217w\" sizes=\"auto, (max-width: 581px) 100vw, 581px\" \/><\/a><\/p>\n<p><span class=\"so-premium-web-font\" style=\"font-family: Afacad;\" data-web-font-module=\"google\" data-font-info=\"{&quot;font&quot;:&quot;Afacad&quot;,&quot;webfont&quot;:true,&quot;variant&quot;:&quot;regular&quot;,&quot;module&quot;:&quot;google&quot;}\">Te invitamos a revisar <strong>la lista de \u00fatiles para este a\u00f1o 2026.<\/strong><br \/>\n<a href=\"https:\/\/jardineusebiolillo.cl\/?p=111\"><strong>Haz click aqu\u00ed para ver m\u00e1s&#8230;<\/strong><\/a><\/span><\/p>\n","protected":false},"excerpt":{"rendered":"<p>\u00a1Atenci\u00f3n, familias! Nos complace anunciar la apertura de matr\u00edculas para el a\u00f1o 2026 en nuestro Jard\u00edn Infantil y Escuela de Lenguaje Eusebio Lillo. Ofrecemos\u00a0educaci\u00f3n gratuita\u00a0con jornadas tanto en la ma\u00f1ana como en la tarde, y contamos con niveles desde Medio [&hellip;]<\/p>\n","protected":false},"author":2,"featured_media":812,"parent":0,"menu_order":0,"comment_status":"closed","ping_status":"closed","template":"","meta":{"footnotes":""},"class_list":["post-807","page","type-page","status-publish","has-post-thumbnail","hentry","post","post-with-thumbnail","post-with-thumbnail-icon"],"yoast_head":"<!-- This site is optimized with the Yoast SEO plugin v27.4 - https:\/\/yoast.com\/product\/yoast-seo-wordpress\/ -->\n<title>Matricula 2026 - Jardin Infantil y Escuela de Leguanje Eusebio Lillo<\/title>\n<meta name=\"robots\" content=\"index, follow, max-snippet:-1, max-image-preview:large, max-video-preview:-1\" \/>\n<link rel=\"canonical\" href=\"https:\/\/jardineusebiolillo.cl\/?page_id=807\" \/>\n<meta property=\"og:locale\" content=\"es_ES\" \/>\n<meta property=\"og:type\" content=\"article\" \/>\n<meta property=\"og:title\" content=\"Matricula 2026 - Jardin Infantil y Escuela de Leguanje Eusebio Lillo\" \/>\n<meta property=\"og:description\" content=\"\u00a1Atenci\u00f3n, familias! Nos complace anunciar la apertura de matr\u00edculas para el a\u00f1o 2026 en nuestro Jard\u00edn Infantil y Escuela de Lenguaje Eusebio Lillo. Ofrecemos\u00a0educaci\u00f3n gratuita\u00a0con jornadas tanto en la ma\u00f1ana como en la tarde, y contamos con niveles desde Medio [&hellip;]\" \/>\n<meta property=\"og:url\" content=\"https:\/\/jardineusebiolillo.cl\/?page_id=807\" \/>\n<meta property=\"og:site_name\" content=\"Jardin Infantil y Escuela de Leguanje Eusebio Lillo\" \/>\n<meta property=\"article:modified_time\" content=\"2026-02-19T04:39:45+00:00\" \/>\n<meta property=\"og:image\" content=\"https:\/\/jardineusebiolillo.cl\/wp-content\/uploads\/2024\/08\/Afiche-Banner.jpg\" \/>\n\t<meta property=\"og:image:width\" content=\"1200\" \/>\n\t<meta property=\"og:image:height\" content=\"600\" \/>\n\t<meta property=\"og:image:type\" content=\"image\/jpeg\" \/>\n<meta name=\"twitter:card\" content=\"summary_large_image\" \/>\n<meta name=\"twitter:label1\" content=\"Tiempo de lectura\" \/>\n\t<meta name=\"twitter:data1\" content=\"2 minutos\" \/>\n<script type=\"application\/ld+json\" class=\"yoast-schema-graph\">{\"@context\":\"https:\\\/\\\/schema.org\",\"@graph\":[{\"@type\":\"WebPage\",\"@id\":\"https:\\\/\\\/jardineusebiolillo.cl\\\/?page_id=807\",\"url\":\"https:\\\/\\\/jardineusebiolillo.cl\\\/?page_id=807\",\"name\":\"Matricula 2026 - Jardin Infantil y Escuela de Leguanje Eusebio Lillo\",\"isPartOf\":{\"@id\":\"https:\\\/\\\/jardineusebiolillo.cl\\\/#website\"},\"primaryImageOfPage\":{\"@id\":\"https:\\\/\\\/jardineusebiolillo.cl\\\/?page_id=807#primaryimage\"},\"image\":{\"@id\":\"https:\\\/\\\/jardineusebiolillo.cl\\\/?page_id=807#primaryimage\"},\"thumbnailUrl\":\"https:\\\/\\\/i0.wp.com\\\/jardineusebiolillo.cl\\\/wp-content\\\/uploads\\\/2024\\\/08\\\/Afiche-Banner.jpg?fit=1200%2C600&ssl=1\",\"datePublished\":\"2026-01-02T00:08:00+00:00\",\"dateModified\":\"2026-02-19T04:39:45+00:00\",\"breadcrumb\":{\"@id\":\"https:\\\/\\\/jardineusebiolillo.cl\\\/?page_id=807#breadcrumb\"},\"inLanguage\":\"es\",\"potentialAction\":[{\"@type\":\"ReadAction\",\"target\":[\"https:\\\/\\\/jardineusebiolillo.cl\\\/?page_id=807\"]}]},{\"@type\":\"ImageObject\",\"inLanguage\":\"es\",\"@id\":\"https:\\\/\\\/jardineusebiolillo.cl\\\/?page_id=807#primaryimage\",\"url\":\"https:\\\/\\\/i0.wp.com\\\/jardineusebiolillo.cl\\\/wp-content\\\/uploads\\\/2024\\\/08\\\/Afiche-Banner.jpg?fit=1200%2C600&ssl=1\",\"contentUrl\":\"https:\\\/\\\/i0.wp.com\\\/jardineusebiolillo.cl\\\/wp-content\\\/uploads\\\/2024\\\/08\\\/Afiche-Banner.jpg?fit=1200%2C600&ssl=1\",\"width\":1200,\"height\":600},{\"@type\":\"BreadcrumbList\",\"@id\":\"https:\\\/\\\/jardineusebiolillo.cl\\\/?page_id=807#breadcrumb\",\"itemListElement\":[{\"@type\":\"ListItem\",\"position\":1,\"name\":\"Portada\",\"item\":\"https:\\\/\\\/jardineusebiolillo.cl\\\/\"},{\"@type\":\"ListItem\",\"position\":2,\"name\":\"Matricula 2026\"}]},{\"@type\":\"WebSite\",\"@id\":\"https:\\\/\\\/jardineusebiolillo.cl\\\/#website\",\"url\":\"https:\\\/\\\/jardineusebiolillo.cl\\\/\",\"name\":\"Jardin Infantil y Escuela de Leguanje Eusebio Lillo\",\"description\":\"Jard\u00edn Infantil y Escuela de lenguaje\",\"publisher\":{\"@id\":\"https:\\\/\\\/jardineusebiolillo.cl\\\/#organization\"},\"potentialAction\":[{\"@type\":\"SearchAction\",\"target\":{\"@type\":\"EntryPoint\",\"urlTemplate\":\"https:\\\/\\\/jardineusebiolillo.cl\\\/?s={search_term_string}\"},\"query-input\":{\"@type\":\"PropertyValueSpecification\",\"valueRequired\":true,\"valueName\":\"search_term_string\"}}],\"inLanguage\":\"es\"},{\"@type\":\"Organization\",\"@id\":\"https:\\\/\\\/jardineusebiolillo.cl\\\/#organization\",\"name\":\"Jardin Infantil y Escuela de Leguanje Eusebio Lillo\",\"url\":\"https:\\\/\\\/jardineusebiolillo.cl\\\/\",\"logo\":{\"@type\":\"ImageObject\",\"inLanguage\":\"es\",\"@id\":\"https:\\\/\\\/jardineusebiolillo.cl\\\/#\\\/schema\\\/logo\\\/image\\\/\",\"url\":\"https:\\\/\\\/i0.wp.com\\\/jardineusebiolillo.cl\\\/wp-content\\\/uploads\\\/2024\\\/02\\\/cropped-logo-recortado-ow97c5zh5xtleypoixn4ggmslkl9xl4k6hx810qwy8-1.png?fit=230%2C200&ssl=1\",\"contentUrl\":\"https:\\\/\\\/i0.wp.com\\\/jardineusebiolillo.cl\\\/wp-content\\\/uploads\\\/2024\\\/02\\\/cropped-logo-recortado-ow97c5zh5xtleypoixn4ggmslkl9xl4k6hx810qwy8-1.png?fit=230%2C200&ssl=1\",\"width\":230,\"height\":200,\"caption\":\"Jardin Infantil y Escuela de Leguanje Eusebio Lillo\"},\"image\":{\"@id\":\"https:\\\/\\\/jardineusebiolillo.cl\\\/#\\\/schema\\\/logo\\\/image\\\/\"}}]}<\/script>\n<!-- \/ Yoast SEO plugin. -->","yoast_head_json":{"title":"Matricula 2026 - Jardin Infantil y Escuela de Leguanje Eusebio Lillo","robots":{"index":"index","follow":"follow","max-snippet":"max-snippet:-1","max-image-preview":"max-image-preview:large","max-video-preview":"max-video-preview:-1"},"canonical":"https:\/\/jardineusebiolillo.cl\/?page_id=807","og_locale":"es_ES","og_type":"article","og_title":"Matricula 2026 - Jardin Infantil y Escuela de Leguanje Eusebio Lillo","og_description":"\u00a1Atenci\u00f3n, familias! Nos complace anunciar la apertura de matr\u00edculas para el a\u00f1o 2026 en nuestro Jard\u00edn Infantil y Escuela de Lenguaje Eusebio Lillo. Ofrecemos\u00a0educaci\u00f3n gratuita\u00a0con jornadas tanto en la ma\u00f1ana como en la tarde, y contamos con niveles desde Medio [&hellip;]","og_url":"https:\/\/jardineusebiolillo.cl\/?page_id=807","og_site_name":"Jardin Infantil y Escuela de Leguanje Eusebio Lillo","article_modified_time":"2026-02-19T04:39:45+00:00","og_image":[{"width":1200,"height":600,"url":"https:\/\/jardineusebiolillo.cl\/wp-content\/uploads\/2024\/08\/Afiche-Banner.jpg","type":"image\/jpeg"}],"twitter_card":"summary_large_image","twitter_misc":{"Tiempo de lectura":"2 minutos"},"schema":{"@context":"https:\/\/schema.org","@graph":[{"@type":"WebPage","@id":"https:\/\/jardineusebiolillo.cl\/?page_id=807","url":"https:\/\/jardineusebiolillo.cl\/?page_id=807","name":"Matricula 2026 - Jardin Infantil y Escuela de Leguanje Eusebio Lillo","isPartOf":{"@id":"https:\/\/jardineusebiolillo.cl\/#website"},"primaryImageOfPage":{"@id":"https:\/\/jardineusebiolillo.cl\/?page_id=807#primaryimage"},"image":{"@id":"https:\/\/jardineusebiolillo.cl\/?page_id=807#primaryimage"},"thumbnailUrl":"https:\/\/i0.wp.com\/jardineusebiolillo.cl\/wp-content\/uploads\/2024\/08\/Afiche-Banner.jpg?fit=1200%2C600&ssl=1","datePublished":"2026-01-02T00:08:00+00:00","dateModified":"2026-02-19T04:39:45+00:00","breadcrumb":{"@id":"https:\/\/jardineusebiolillo.cl\/?page_id=807#breadcrumb"},"inLanguage":"es","potentialAction":[{"@type":"ReadAction","target":["https:\/\/jardineusebiolillo.cl\/?page_id=807"]}]},{"@type":"ImageObject","inLanguage":"es","@id":"https:\/\/jardineusebiolillo.cl\/?page_id=807#primaryimage","url":"https:\/\/i0.wp.com\/jardineusebiolillo.cl\/wp-content\/uploads\/2024\/08\/Afiche-Banner.jpg?fit=1200%2C600&ssl=1","contentUrl":"https:\/\/i0.wp.com\/jardineusebiolillo.cl\/wp-content\/uploads\/2024\/08\/Afiche-Banner.jpg?fit=1200%2C600&ssl=1","width":1200,"height":600},{"@type":"BreadcrumbList","@id":"https:\/\/jardineusebiolillo.cl\/?page_id=807#breadcrumb","itemListElement":[{"@type":"ListItem","position":1,"name":"Portada","item":"https:\/\/jardineusebiolillo.cl\/"},{"@type":"ListItem","position":2,"name":"Matricula 2026"}]},{"@type":"WebSite","@id":"https:\/\/jardineusebiolillo.cl\/#website","url":"https:\/\/jardineusebiolillo.cl\/","name":"Jardin Infantil y Escuela de Leguanje Eusebio Lillo","description":"Jard\u00edn Infantil y Escuela de lenguaje","publisher":{"@id":"https:\/\/jardineusebiolillo.cl\/#organization"},"potentialAction":[{"@type":"SearchAction","target":{"@type":"EntryPoint","urlTemplate":"https:\/\/jardineusebiolillo.cl\/?s={search_term_string}"},"query-input":{"@type":"PropertyValueSpecification","valueRequired":true,"valueName":"search_term_string"}}],"inLanguage":"es"},{"@type":"Organization","@id":"https:\/\/jardineusebiolillo.cl\/#organization","name":"Jardin Infantil y Escuela de Leguanje Eusebio Lillo","url":"https:\/\/jardineusebiolillo.cl\/","logo":{"@type":"ImageObject","inLanguage":"es","@id":"https:\/\/jardineusebiolillo.cl\/#\/schema\/logo\/image\/","url":"https:\/\/i0.wp.com\/jardineusebiolillo.cl\/wp-content\/uploads\/2024\/02\/cropped-logo-recortado-ow97c5zh5xtleypoixn4ggmslkl9xl4k6hx810qwy8-1.png?fit=230%2C200&ssl=1","contentUrl":"https:\/\/i0.wp.com\/jardineusebiolillo.cl\/wp-content\/uploads\/2024\/02\/cropped-logo-recortado-ow97c5zh5xtleypoixn4ggmslkl9xl4k6hx810qwy8-1.png?fit=230%2C200&ssl=1","width":230,"height":200,"caption":"Jardin Infantil y Escuela de Leguanje Eusebio Lillo"},"image":{"@id":"https:\/\/jardineusebiolillo.cl\/#\/schema\/logo\/image\/"}}]}},"jetpack_sharing_enabled":true,"_links":{"self":[{"href":"https:\/\/jardineusebiolillo.cl\/index.php?rest_route=\/wp\/v2\/pages\/807","targetHints":{"allow":["GET"]}}],"collection":[{"href":"https:\/\/jardineusebiolillo.cl\/index.php?rest_route=\/wp\/v2\/pages"}],"about":[{"href":"https:\/\/jardineusebiolillo.cl\/index.php?rest_route=\/wp\/v2\/types\/page"}],"author":[{"embeddable":true,"href":"https:\/\/jardineusebiolillo.cl\/index.php?rest_route=\/wp\/v2\/users\/2"}],"replies":[{"embeddable":true,"href":"https:\/\/jardineusebiolillo.cl\/index.php?rest_route=%2Fwp%2Fv2%2Fcomments&post=807"}],"version-history":[{"count":7,"href":"https:\/\/jardineusebiolillo.cl\/index.php?rest_route=\/wp\/v2\/pages\/807\/revisions"}],"predecessor-version":[{"id":879,"href":"https:\/\/jardineusebiolillo.cl\/index.php?rest_route=\/wp\/v2\/pages\/807\/revisions\/879"}],"wp:featuredmedia":[{"embeddable":true,"href":"https:\/\/jardineusebiolillo.cl\/index.php?rest_route=\/wp\/v2\/media\/812"}],"wp:attachment":[{"href":"https:\/\/jardineusebiolillo.cl\/index.php?rest_route=%2Fwp%2Fv2%2Fmedia&parent=807"}],"curies":[{"name":"wp","href":"https:\/\/api.w.org\/{rel}","templated":true}]}}