{"id":38,"date":"2024-02-10T21:45:30","date_gmt":"2024-02-10T21:45:30","guid":{"rendered":"https:\/\/jard-eusebiolillo.cl\/?page_id=38"},"modified":"2026-05-06T04:55:26","modified_gmt":"2026-05-06T04:55:26","slug":"normativa","status":"publish","type":"page","link":"https:\/\/jardineusebiolillo.cl\/?page_id=38","title":{"rendered":"Normativa"},"content":{"rendered":"<h3><span class=\"so-premium-web-font\" style=\"font-family: Afacad;\" data-web-font-module=\"google\" data-font-info=\"{&quot;font&quot;:&quot;Afacad&quot;,&quot;webfont&quot;:true,&quot;variant&quot;:&quot;regular&quot;,&quot;module&quot;:&quot;google&quot;}\">En esta secci\u00f3n encontrar\u00e1s:<\/span><\/h3>\n<ul>\n<li><span class=\"so-premium-web-font\" style=\"font-family: Afacad;\" data-web-font-module=\"google\" data-font-info=\"{&quot;font&quot;:&quot;Afacad&quot;,&quot;webfont&quot;:true,&quot;variant&quot;:&quot;regular&quot;,&quot;module&quot;:&quot;google&quot;}\"><a href=\"https:\/\/jardineusebiolillo.cl\/?p=61\"><strong>Proyecto Educativo<\/strong><\/a><\/span><\/li>\n<li><span class=\"so-premium-web-font\" style=\"font-family: Afacad;\" data-web-font-module=\"google\" data-font-info=\"{&quot;font&quot;:&quot;Afacad&quot;,&quot;webfont&quot;:true,&quot;variant&quot;:&quot;regular&quot;,&quot;module&quot;:&quot;google&quot;}\"><a href=\"https:\/\/jardineusebiolillo.cl\/?p=67\"><strong>PISE<\/strong><\/a><\/span><\/li>\n<li><span class=\"so-premium-web-font\" style=\"font-family: Afacad;\" data-web-font-module=\"google\" data-font-info=\"{&quot;font&quot;:&quot;Afacad&quot;,&quot;webfont&quot;:true,&quot;variant&quot;:&quot;regular&quot;,&quot;module&quot;:&quot;google&quot;}\"><a href=\"https:\/\/jardineusebiolillo.cl\/?p=84\"><strong>Cuenta P\u00fablica<\/strong><\/a><\/span><\/li>\n<li><a href=\"https:\/\/jardineusebiolillo.cl\/?p=889\"><span style=\"font-family: Afacad;\"><b>RICE<\/b><\/span><\/a><\/li>\n<\/ul>\n","protected":false},"excerpt":{"rendered":"<p>En esta secci\u00f3n encontrar\u00e1s: Proyecto Educativo PISE Cuenta P\u00fablica RICE<\/p>\n","protected":false},"author":1,"featured_media":0,"parent":0,"menu_order":0,"comment_status":"closed","ping_status":"closed","template":"","meta":{"footnotes":""},"class_list":["post-38","page","type-page","status-publish","hentry","post"],"yoast_head":"<!-- This site is optimized with the Yoast SEO plugin v27.4 - https:\/\/yoast.com\/product\/yoast-seo-wordpress\/ -->\n<title>Normativa - Jardin Infantil y Escuela de Leguanje Eusebio Lillo<\/title>\n<meta name=\"robots\" content=\"index, follow, max-snippet:-1, max-image-preview:large, max-video-preview:-1\" \/>\n<link rel=\"canonical\" href=\"https:\/\/jardineusebiolillo.cl\/?page_id=38\" \/>\n<meta property=\"og:locale\" content=\"es_ES\" \/>\n<meta property=\"og:type\" content=\"article\" \/>\n<meta property=\"og:title\" content=\"Normativa - Jardin Infantil y Escuela de Leguanje Eusebio Lillo\" \/>\n<meta property=\"og:description\" content=\"En esta secci\u00f3n encontrar\u00e1s: Proyecto Educativo PISE Cuenta P\u00fablica RICE\" \/>\n<meta property=\"og:url\" content=\"https:\/\/jardineusebiolillo.cl\/?page_id=38\" \/>\n<meta property=\"og:site_name\" content=\"Jardin Infantil y Escuela de Leguanje Eusebio Lillo\" \/>\n<meta property=\"article:modified_time\" content=\"2026-05-06T04:55:26+00:00\" \/>\n<meta name=\"twitter:card\" content=\"summary_large_image\" \/>\n<meta name=\"twitter:label1\" content=\"Tiempo de lectura\" \/>\n\t<meta name=\"twitter:data1\" content=\"1 minuto\" \/>\n<script type=\"application\/ld+json\" class=\"yoast-schema-graph\">{\"@context\":\"https:\\\/\\\/schema.org\",\"@graph\":[{\"@type\":\"WebPage\",\"@id\":\"https:\\\/\\\/jardineusebiolillo.cl\\\/?page_id=38\",\"url\":\"https:\\\/\\\/jardineusebiolillo.cl\\\/?page_id=38\",\"name\":\"Normativa - Jardin Infantil y Escuela de Leguanje Eusebio Lillo\",\"isPartOf\":{\"@id\":\"https:\\\/\\\/jardineusebiolillo.cl\\\/#website\"},\"datePublished\":\"2024-02-10T21:45:30+00:00\",\"dateModified\":\"2026-05-06T04:55:26+00:00\",\"breadcrumb\":{\"@id\":\"https:\\\/\\\/jardineusebiolillo.cl\\\/?page_id=38#breadcrumb\"},\"inLanguage\":\"es\",\"potentialAction\":[{\"@type\":\"ReadAction\",\"target\":[\"https:\\\/\\\/jardineusebiolillo.cl\\\/?page_id=38\"]}]},{\"@type\":\"BreadcrumbList\",\"@id\":\"https:\\\/\\\/jardineusebiolillo.cl\\\/?page_id=38#breadcrumb\",\"itemListElement\":[{\"@type\":\"ListItem\",\"position\":1,\"name\":\"Portada\",\"item\":\"https:\\\/\\\/jardineusebiolillo.cl\\\/\"},{\"@type\":\"ListItem\",\"position\":2,\"name\":\"Normativa\"}]},{\"@type\":\"WebSite\",\"@id\":\"https:\\\/\\\/jardineusebiolillo.cl\\\/#website\",\"url\":\"https:\\\/\\\/jardineusebiolillo.cl\\\/\",\"name\":\"Jardin Infantil y Escuela de Leguanje Eusebio Lillo\",\"description\":\"Jard\u00edn Infantil y Escuela de lenguaje\",\"publisher\":{\"@id\":\"https:\\\/\\\/jardineusebiolillo.cl\\\/#organization\"},\"potentialAction\":[{\"@type\":\"SearchAction\",\"target\":{\"@type\":\"EntryPoint\",\"urlTemplate\":\"https:\\\/\\\/jardineusebiolillo.cl\\\/?s={search_term_string}\"},\"query-input\":{\"@type\":\"PropertyValueSpecification\",\"valueRequired\":true,\"valueName\":\"search_term_string\"}}],\"inLanguage\":\"es\"},{\"@type\":\"Organization\",\"@id\":\"https:\\\/\\\/jardineusebiolillo.cl\\\/#organization\",\"name\":\"Jardin Infantil y Escuela de Leguanje Eusebio Lillo\",\"url\":\"https:\\\/\\\/jardineusebiolillo.cl\\\/\",\"logo\":{\"@type\":\"ImageObject\",\"inLanguage\":\"es\",\"@id\":\"https:\\\/\\\/jardineusebiolillo.cl\\\/#\\\/schema\\\/logo\\\/image\\\/\",\"url\":\"https:\\\/\\\/i0.wp.com\\\/jardineusebiolillo.cl\\\/wp-content\\\/uploads\\\/2024\\\/02\\\/cropped-logo-recortado-ow97c5zh5xtleypoixn4ggmslkl9xl4k6hx810qwy8-1.png?fit=230%2C200&ssl=1\",\"contentUrl\":\"https:\\\/\\\/i0.wp.com\\\/jardineusebiolillo.cl\\\/wp-content\\\/uploads\\\/2024\\\/02\\\/cropped-logo-recortado-ow97c5zh5xtleypoixn4ggmslkl9xl4k6hx810qwy8-1.png?fit=230%2C200&ssl=1\",\"width\":230,\"height\":200,\"caption\":\"Jardin Infantil y Escuela de Leguanje Eusebio Lillo\"},\"image\":{\"@id\":\"https:\\\/\\\/jardineusebiolillo.cl\\\/#\\\/schema\\\/logo\\\/image\\\/\"}}]}<\/script>\n<!-- \/ Yoast SEO plugin. -->","yoast_head_json":{"title":"Normativa - Jardin Infantil y Escuela de Leguanje Eusebio Lillo","robots":{"index":"index","follow":"follow","max-snippet":"max-snippet:-1","max-image-preview":"max-image-preview:large","max-video-preview":"max-video-preview:-1"},"canonical":"https:\/\/jardineusebiolillo.cl\/?page_id=38","og_locale":"es_ES","og_type":"article","og_title":"Normativa - Jardin Infantil y Escuela de Leguanje Eusebio Lillo","og_description":"En esta secci\u00f3n encontrar\u00e1s: Proyecto Educativo PISE Cuenta P\u00fablica RICE","og_url":"https:\/\/jardineusebiolillo.cl\/?page_id=38","og_site_name":"Jardin Infantil y Escuela de Leguanje Eusebio Lillo","article_modified_time":"2026-05-06T04:55:26+00:00","twitter_card":"summary_large_image","twitter_misc":{"Tiempo de lectura":"1 minuto"},"schema":{"@context":"https:\/\/schema.org","@graph":[{"@type":"WebPage","@id":"https:\/\/jardineusebiolillo.cl\/?page_id=38","url":"https:\/\/jardineusebiolillo.cl\/?page_id=38","name":"Normativa - Jardin Infantil y Escuela de Leguanje Eusebio Lillo","isPartOf":{"@id":"https:\/\/jardineusebiolillo.cl\/#website"},"datePublished":"2024-02-10T21:45:30+00:00","dateModified":"2026-05-06T04:55:26+00:00","breadcrumb":{"@id":"https:\/\/jardineusebiolillo.cl\/?page_id=38#breadcrumb"},"inLanguage":"es","potentialAction":[{"@type":"ReadAction","target":["https:\/\/jardineusebiolillo.cl\/?page_id=38"]}]},{"@type":"BreadcrumbList","@id":"https:\/\/jardineusebiolillo.cl\/?page_id=38#breadcrumb","itemListElement":[{"@type":"ListItem","position":1,"name":"Portada","item":"https:\/\/jardineusebiolillo.cl\/"},{"@type":"ListItem","position":2,"name":"Normativa"}]},{"@type":"WebSite","@id":"https:\/\/jardineusebiolillo.cl\/#website","url":"https:\/\/jardineusebiolillo.cl\/","name":"Jardin Infantil y Escuela de Leguanje Eusebio Lillo","description":"Jard\u00edn Infantil y Escuela de lenguaje","publisher":{"@id":"https:\/\/jardineusebiolillo.cl\/#organization"},"potentialAction":[{"@type":"SearchAction","target":{"@type":"EntryPoint","urlTemplate":"https:\/\/jardineusebiolillo.cl\/?s={search_term_string}"},"query-input":{"@type":"PropertyValueSpecification","valueRequired":true,"valueName":"search_term_string"}}],"inLanguage":"es"},{"@type":"Organization","@id":"https:\/\/jardineusebiolillo.cl\/#organization","name":"Jardin Infantil y Escuela de Leguanje Eusebio Lillo","url":"https:\/\/jardineusebiolillo.cl\/","logo":{"@type":"ImageObject","inLanguage":"es","@id":"https:\/\/jardineusebiolillo.cl\/#\/schema\/logo\/image\/","url":"https:\/\/i0.wp.com\/jardineusebiolillo.cl\/wp-content\/uploads\/2024\/02\/cropped-logo-recortado-ow97c5zh5xtleypoixn4ggmslkl9xl4k6hx810qwy8-1.png?fit=230%2C200&ssl=1","contentUrl":"https:\/\/i0.wp.com\/jardineusebiolillo.cl\/wp-content\/uploads\/2024\/02\/cropped-logo-recortado-ow97c5zh5xtleypoixn4ggmslkl9xl4k6hx810qwy8-1.png?fit=230%2C200&ssl=1","width":230,"height":200,"caption":"Jardin Infantil y Escuela de Leguanje Eusebio Lillo"},"image":{"@id":"https:\/\/jardineusebiolillo.cl\/#\/schema\/logo\/image\/"}}]}},"jetpack_sharing_enabled":true,"_links":{"self":[{"href":"https:\/\/jardineusebiolillo.cl\/index.php?rest_route=\/wp\/v2\/pages\/38","targetHints":{"allow":["GET"]}}],"collection":[{"href":"https:\/\/jardineusebiolillo.cl\/index.php?rest_route=\/wp\/v2\/pages"}],"about":[{"href":"https:\/\/jardineusebiolillo.cl\/index.php?rest_route=\/wp\/v2\/types\/page"}],"author":[{"embeddable":true,"href":"https:\/\/jardineusebiolillo.cl\/index.php?rest_route=\/wp\/v2\/users\/1"}],"replies":[{"embeddable":true,"href":"https:\/\/jardineusebiolillo.cl\/index.php?rest_route=%2Fwp%2Fv2%2Fcomments&post=38"}],"version-history":[{"count":9,"href":"https:\/\/jardineusebiolillo.cl\/index.php?rest_route=\/wp\/v2\/pages\/38\/revisions"}],"predecessor-version":[{"id":899,"href":"https:\/\/jardineusebiolillo.cl\/index.php?rest_route=\/wp\/v2\/pages\/38\/revisions\/899"}],"wp:attachment":[{"href":"https:\/\/jardineusebiolillo.cl\/index.php?rest_route=%2Fwp%2Fv2%2Fmedia&parent=38"}],"curies":[{"name":"wp","href":"https:\/\/api.w.org\/{rel}","templated":true}]}}