{"id":36,"date":"2024-02-10T21:40:31","date_gmt":"2024-02-10T21:40:31","guid":{"rendered":"https:\/\/jard-eusebiolillo.cl\/?page_id=36"},"modified":"2024-02-26T00:46:49","modified_gmt":"2024-02-26T00:46:49","slug":"quienes-somos","status":"publish","type":"page","link":"https:\/\/jardineusebiolillo.cl\/?page_id=36","title":{"rendered":"\u00bfQui\u00e9nes Somos?"},"content":{"rendered":"<p>En esta secci\u00f3n puedes visitar:<\/p>\n<ul>\n<li><a href=\"https:\/\/jardineusebiolillo.cl\/?p=12\"><strong>Misi\u00f3n y Visi\u00f3n<\/strong><\/a><\/li>\n<li><strong><a href=\"https:\/\/jardineusebiolillo.cl\/?p=156\">Equipo de Trabajo<\/a><\/strong><\/li>\n<li><strong><a href=\"https:\/\/jardineusebiolillo.cl\/?p=343\">Infraestructura<\/a><\/strong><\/li>\n<\/ul>\n","protected":false},"excerpt":{"rendered":"<p>En esta secci\u00f3n puedes visitar: Misi\u00f3n y Visi\u00f3n Equipo de Trabajo Infraestructura<\/p>\n","protected":false},"author":1,"featured_media":0,"parent":0,"menu_order":0,"comment_status":"closed","ping_status":"closed","template":"","meta":{"footnotes":""},"class_list":["post-36","page","type-page","status-publish","hentry","post"],"yoast_head":"<!-- This site is optimized with the Yoast SEO plugin v27.4 - https:\/\/yoast.com\/product\/yoast-seo-wordpress\/ -->\n<title>\u00bfQui\u00e9nes Somos? - Jardin Infantil y Escuela de Leguanje Eusebio Lillo<\/title>\n<meta name=\"description\" content=\"Descubre el Jard\u00edn Infantil y Escuela de Lenguaje Eusebio Lillo. Fomentamos el amor por el aprendizaje en un ambiente seguro para el desarrollo integral de tus peque\u00f1os. \u00danete a nuestra comunidad hoy.\" \/>\n<meta name=\"robots\" content=\"index, follow, max-snippet:-1, max-image-preview:large, max-video-preview:-1\" \/>\n<link rel=\"canonical\" href=\"https:\/\/jardineusebiolillo.cl\/?page_id=36\" \/>\n<meta property=\"og:locale\" content=\"es_ES\" \/>\n<meta property=\"og:type\" content=\"article\" \/>\n<meta property=\"og:title\" content=\"Jardin Infantil y Escuela de Leguanje Eusebio Lillo - \u00bfQui\u00e9nes Somos?\" \/>\n<meta property=\"og:description\" content=\"Descubre el Jard\u00edn Infantil y Escuela de Lenguaje Eusebio Lillo. Fomentamos el amor por el aprendizaje en un ambiente seguro para el desarrollo integral de tus peque\u00f1os. \u00danete a nuestra comunidad hoy.\" \/>\n<meta property=\"og:url\" content=\"https:\/\/jardineusebiolillo.cl\/?page_id=36\" \/>\n<meta property=\"og:site_name\" content=\"Jardin Infantil y Escuela de Leguanje Eusebio Lillo\" \/>\n<meta property=\"article:modified_time\" content=\"2024-02-26T00:46:49+00:00\" \/>\n<meta property=\"og:image\" content=\"https:\/\/jardineusebiolillo.cl\/wp-content\/uploads\/2024\/02\/logo-resaltado.png\" \/>\n\t<meta property=\"og:image:width\" content=\"230\" \/>\n\t<meta property=\"og:image:height\" content=\"200\" \/>\n\t<meta property=\"og:image:type\" content=\"image\/png\" \/>\n<meta name=\"twitter:card\" content=\"summary_large_image\" \/>\n<meta name=\"twitter:title\" content=\"Jardin Infantil y Escuela de Leguanje Eusebio Lillo - \u00bfQui\u00e9nes Somos?\" \/>\n<meta name=\"twitter:description\" content=\"Descubre el Jard\u00edn Infantil y Escuela de Lenguaje Eusebio Lillo. Fomentamos el amor por el aprendizaje en un ambiente seguro para el desarrollo integral de tus peque\u00f1os. \u00danete a nuestra comunidad hoy.\" \/>\n<meta name=\"twitter:image\" content=\"https:\/\/i0.wp.com\/jardineusebiolillo.cl\/wp-content\/uploads\/2024\/02\/logo-resaltado.png?fit=230%2C200&ssl=1\" \/>\n<meta name=\"twitter:label1\" content=\"Tiempo de lectura\" \/>\n\t<meta name=\"twitter:data1\" content=\"1 minuto\" \/>\n<script type=\"application\/ld+json\" class=\"yoast-schema-graph\">{\"@context\":\"https:\\\/\\\/schema.org\",\"@graph\":[{\"@type\":\"WebPage\",\"@id\":\"https:\\\/\\\/jardineusebiolillo.cl\\\/?page_id=36\",\"url\":\"https:\\\/\\\/jardineusebiolillo.cl\\\/?page_id=36\",\"name\":\"\u00bfQui\u00e9nes Somos? - Jardin Infantil y Escuela de Leguanje Eusebio Lillo\",\"isPartOf\":{\"@id\":\"https:\\\/\\\/jardineusebiolillo.cl\\\/#website\"},\"datePublished\":\"2024-02-10T21:40:31+00:00\",\"dateModified\":\"2024-02-26T00:46:49+00:00\",\"description\":\"Descubre el Jard\u00edn Infantil y Escuela de Lenguaje Eusebio Lillo. Fomentamos el amor por el aprendizaje en un ambiente seguro para el desarrollo integral de tus peque\u00f1os. \u00danete a nuestra comunidad hoy.\",\"breadcrumb\":{\"@id\":\"https:\\\/\\\/jardineusebiolillo.cl\\\/?page_id=36#breadcrumb\"},\"inLanguage\":\"es\",\"potentialAction\":[{\"@type\":\"ReadAction\",\"target\":[\"https:\\\/\\\/jardineusebiolillo.cl\\\/?page_id=36\"]}]},{\"@type\":\"BreadcrumbList\",\"@id\":\"https:\\\/\\\/jardineusebiolillo.cl\\\/?page_id=36#breadcrumb\",\"itemListElement\":[{\"@type\":\"ListItem\",\"position\":1,\"name\":\"Portada\",\"item\":\"https:\\\/\\\/jardineusebiolillo.cl\\\/\"},{\"@type\":\"ListItem\",\"position\":2,\"name\":\"\u00bfQui\u00e9nes Somos?\"}]},{\"@type\":\"WebSite\",\"@id\":\"https:\\\/\\\/jardineusebiolillo.cl\\\/#website\",\"url\":\"https:\\\/\\\/jardineusebiolillo.cl\\\/\",\"name\":\"Jardin Infantil y Escuela de Leguanje Eusebio Lillo\",\"description\":\"Jard\u00edn Infantil y Escuela de lenguaje\",\"publisher\":{\"@id\":\"https:\\\/\\\/jardineusebiolillo.cl\\\/#organization\"},\"potentialAction\":[{\"@type\":\"SearchAction\",\"target\":{\"@type\":\"EntryPoint\",\"urlTemplate\":\"https:\\\/\\\/jardineusebiolillo.cl\\\/?s={search_term_string}\"},\"query-input\":{\"@type\":\"PropertyValueSpecification\",\"valueRequired\":true,\"valueName\":\"search_term_string\"}}],\"inLanguage\":\"es\"},{\"@type\":\"Organization\",\"@id\":\"https:\\\/\\\/jardineusebiolillo.cl\\\/#organization\",\"name\":\"Jardin Infantil y Escuela de Leguanje Eusebio Lillo\",\"url\":\"https:\\\/\\\/jardineusebiolillo.cl\\\/\",\"logo\":{\"@type\":\"ImageObject\",\"inLanguage\":\"es\",\"@id\":\"https:\\\/\\\/jardineusebiolillo.cl\\\/#\\\/schema\\\/logo\\\/image\\\/\",\"url\":\"https:\\\/\\\/i0.wp.com\\\/jardineusebiolillo.cl\\\/wp-content\\\/uploads\\\/2024\\\/02\\\/cropped-logo-recortado-ow97c5zh5xtleypoixn4ggmslkl9xl4k6hx810qwy8-1.png?fit=230%2C200&ssl=1\",\"contentUrl\":\"https:\\\/\\\/i0.wp.com\\\/jardineusebiolillo.cl\\\/wp-content\\\/uploads\\\/2024\\\/02\\\/cropped-logo-recortado-ow97c5zh5xtleypoixn4ggmslkl9xl4k6hx810qwy8-1.png?fit=230%2C200&ssl=1\",\"width\":230,\"height\":200,\"caption\":\"Jardin Infantil y Escuela de Leguanje Eusebio Lillo\"},\"image\":{\"@id\":\"https:\\\/\\\/jardineusebiolillo.cl\\\/#\\\/schema\\\/logo\\\/image\\\/\"}}]}<\/script>\n<!-- \/ Yoast SEO plugin. -->","yoast_head_json":{"title":"\u00bfQui\u00e9nes Somos? - Jardin Infantil y Escuela de Leguanje Eusebio Lillo","description":"Descubre el Jard\u00edn Infantil y Escuela de Lenguaje Eusebio Lillo. Fomentamos el amor por el aprendizaje en un ambiente seguro para el desarrollo integral de tus peque\u00f1os. \u00danete a nuestra comunidad hoy.","robots":{"index":"index","follow":"follow","max-snippet":"max-snippet:-1","max-image-preview":"max-image-preview:large","max-video-preview":"max-video-preview:-1"},"canonical":"https:\/\/jardineusebiolillo.cl\/?page_id=36","og_locale":"es_ES","og_type":"article","og_title":"Jardin Infantil y Escuela de Leguanje Eusebio Lillo - \u00bfQui\u00e9nes Somos?","og_description":"Descubre el Jard\u00edn Infantil y Escuela de Lenguaje Eusebio Lillo. Fomentamos el amor por el aprendizaje en un ambiente seguro para el desarrollo integral de tus peque\u00f1os. \u00danete a nuestra comunidad hoy.","og_url":"https:\/\/jardineusebiolillo.cl\/?page_id=36","og_site_name":"Jardin Infantil y Escuela de Leguanje Eusebio Lillo","article_modified_time":"2024-02-26T00:46:49+00:00","og_image":[{"width":230,"height":200,"url":"https:\/\/jardineusebiolillo.cl\/wp-content\/uploads\/2024\/02\/logo-resaltado.png","type":"image\/png"}],"twitter_card":"summary_large_image","twitter_title":"Jardin Infantil y Escuela de Leguanje Eusebio Lillo - \u00bfQui\u00e9nes Somos?","twitter_description":"Descubre el Jard\u00edn Infantil y Escuela de Lenguaje Eusebio Lillo. Fomentamos el amor por el aprendizaje en un ambiente seguro para el desarrollo integral de tus peque\u00f1os. \u00danete a nuestra comunidad hoy.","twitter_image":"https:\/\/i0.wp.com\/jardineusebiolillo.cl\/wp-content\/uploads\/2024\/02\/logo-resaltado.png?fit=230%2C200&ssl=1","twitter_misc":{"Tiempo de lectura":"1 minuto"},"schema":{"@context":"https:\/\/schema.org","@graph":[{"@type":"WebPage","@id":"https:\/\/jardineusebiolillo.cl\/?page_id=36","url":"https:\/\/jardineusebiolillo.cl\/?page_id=36","name":"\u00bfQui\u00e9nes Somos? - Jardin Infantil y Escuela de Leguanje Eusebio Lillo","isPartOf":{"@id":"https:\/\/jardineusebiolillo.cl\/#website"},"datePublished":"2024-02-10T21:40:31+00:00","dateModified":"2024-02-26T00:46:49+00:00","description":"Descubre el Jard\u00edn Infantil y Escuela de Lenguaje Eusebio Lillo. Fomentamos el amor por el aprendizaje en un ambiente seguro para el desarrollo integral de tus peque\u00f1os. \u00danete a nuestra comunidad hoy.","breadcrumb":{"@id":"https:\/\/jardineusebiolillo.cl\/?page_id=36#breadcrumb"},"inLanguage":"es","potentialAction":[{"@type":"ReadAction","target":["https:\/\/jardineusebiolillo.cl\/?page_id=36"]}]},{"@type":"BreadcrumbList","@id":"https:\/\/jardineusebiolillo.cl\/?page_id=36#breadcrumb","itemListElement":[{"@type":"ListItem","position":1,"name":"Portada","item":"https:\/\/jardineusebiolillo.cl\/"},{"@type":"ListItem","position":2,"name":"\u00bfQui\u00e9nes Somos?"}]},{"@type":"WebSite","@id":"https:\/\/jardineusebiolillo.cl\/#website","url":"https:\/\/jardineusebiolillo.cl\/","name":"Jardin Infantil y Escuela de Leguanje Eusebio Lillo","description":"Jard\u00edn Infantil y Escuela de lenguaje","publisher":{"@id":"https:\/\/jardineusebiolillo.cl\/#organization"},"potentialAction":[{"@type":"SearchAction","target":{"@type":"EntryPoint","urlTemplate":"https:\/\/jardineusebiolillo.cl\/?s={search_term_string}"},"query-input":{"@type":"PropertyValueSpecification","valueRequired":true,"valueName":"search_term_string"}}],"inLanguage":"es"},{"@type":"Organization","@id":"https:\/\/jardineusebiolillo.cl\/#organization","name":"Jardin Infantil y Escuela de Leguanje Eusebio Lillo","url":"https:\/\/jardineusebiolillo.cl\/","logo":{"@type":"ImageObject","inLanguage":"es","@id":"https:\/\/jardineusebiolillo.cl\/#\/schema\/logo\/image\/","url":"https:\/\/i0.wp.com\/jardineusebiolillo.cl\/wp-content\/uploads\/2024\/02\/cropped-logo-recortado-ow97c5zh5xtleypoixn4ggmslkl9xl4k6hx810qwy8-1.png?fit=230%2C200&ssl=1","contentUrl":"https:\/\/i0.wp.com\/jardineusebiolillo.cl\/wp-content\/uploads\/2024\/02\/cropped-logo-recortado-ow97c5zh5xtleypoixn4ggmslkl9xl4k6hx810qwy8-1.png?fit=230%2C200&ssl=1","width":230,"height":200,"caption":"Jardin Infantil y Escuela de Leguanje Eusebio Lillo"},"image":{"@id":"https:\/\/jardineusebiolillo.cl\/#\/schema\/logo\/image\/"}}]}},"jetpack_sharing_enabled":true,"_links":{"self":[{"href":"https:\/\/jardineusebiolillo.cl\/index.php?rest_route=\/wp\/v2\/pages\/36","targetHints":{"allow":["GET"]}}],"collection":[{"href":"https:\/\/jardineusebiolillo.cl\/index.php?rest_route=\/wp\/v2\/pages"}],"about":[{"href":"https:\/\/jardineusebiolillo.cl\/index.php?rest_route=\/wp\/v2\/types\/page"}],"author":[{"embeddable":true,"href":"https:\/\/jardineusebiolillo.cl\/index.php?rest_route=\/wp\/v2\/users\/1"}],"replies":[{"embeddable":true,"href":"https:\/\/jardineusebiolillo.cl\/index.php?rest_route=%2Fwp%2Fv2%2Fcomments&post=36"}],"version-history":[{"count":3,"href":"https:\/\/jardineusebiolillo.cl\/index.php?rest_route=\/wp\/v2\/pages\/36\/revisions"}],"predecessor-version":[{"id":374,"href":"https:\/\/jardineusebiolillo.cl\/index.php?rest_route=\/wp\/v2\/pages\/36\/revisions\/374"}],"wp:attachment":[{"href":"https:\/\/jardineusebiolillo.cl\/index.php?rest_route=%2Fwp%2Fv2%2Fmedia&parent=36"}],"curies":[{"name":"wp","href":"https:\/\/api.w.org\/{rel}","templated":true}]}}