{"id":174,"date":"2024-02-19T01:03:25","date_gmt":"2024-02-19T01:03:25","guid":{"rendered":"https:\/\/jard-eusebiolillo.cl\/?page_id=174"},"modified":"2024-05-15T20:36:08","modified_gmt":"2024-05-15T20:36:08","slug":"contacto-2","status":"publish","type":"page","link":"https:\/\/jardineusebiolillo.cl\/?page_id=174","title":{"rendered":"Contacto"},"content":{"rendered":"<div id=\"pl-174\"  class=\"panel-layout\" ><div id=\"pg-174-0\"  class=\"panel-grid panel-no-style\" ><div id=\"pgc-174-0-0\"  class=\"panel-grid-cell\" ><div id=\"panel-174-0-0-0\" class=\"so-panel widget widget_sow-contact-form panel-first-child panel-last-child\" data-index=\"0\" ><div\n\t\t\t\n\t\t\tclass=\"so-widget-sow-contact-form so-widget-sow-contact-form-default-6ff20babc700-174\"\n\t\t\t\n\t\t><h3 class=\"widget-title\">Contacta con nosotros<\/h3>\t<form\n\t\taction=\"\/index.php?rest_route=%2Fwp%2Fv2%2Fpages%2F174\"\n\t\tmethod=\"POST\"\n\t\tclass=\"sow-contact-form\"\n\t\tid=\"contact-form-bc89\"\n\t>\n\n\t\t\n\t\t\t\t\t<div class=\"sow-form-field sow-form-field-name\">\n\t\t\t\t<label class=\"sow-form-field-label-above\" for=\"sow-contact-form-field-tu-nombre-205958076265d16f01e8043329895910\">\n\t\t\t\t<strong>\n\t\t\t\t\tTu nombre\t\t\t\t\t\t\t\t\t<\/strong>\n\t\t\t<\/label>\n\t\t\t\t\t\t\t<span class=\"sow-field-container\">\n\t\t\t\t\t\t\t<input\n\t\t\ttype=\"text\"\n\t\t\tname=\"tu-nombre-205958076265d16f01e8043329895910\"\n\t\t\tid=\"sow-contact-form-field-tu-nombre-205958076265d16f01e8043329895910\"\n\t\t\tvalue=\"\"\n\t\t\tclass=\"sow-text-field\"\n\t\t\t\t\t\/>\n\t\t\t\t\t\t<\/span>\n\t\t\t\t\t\t\t<\/div>\n\t\t\t\t\t\t<div class=\"sow-form-field sow-form-field-email\">\n\t\t\t\t<label class=\"sow-form-field-label-above\" for=\"sow-contact-form-field-tu-correo-electronico-205958076265d16f01e8043329895910\">\n\t\t\t\t<strong>\n\t\t\t\t\tTu correo electr\u00f3nico\t\t\t\t\t\t\t\t\t<\/strong>\n\t\t\t<\/label>\n\t\t\t\t\t\t\t<span class=\"sow-field-container\">\n\t\t\t\t\t\t\t<input\n\t\t\ttype=\"email\"\n\t\t\tname=\"tu-correo-electronico-205958076265d16f01e8043329895910\"\n\t\t\tid=\"sow-contact-form-field-tu-correo-electronico-205958076265d16f01e8043329895910\"\n\t\t\tvalue=\"\"\n\t\t\tclass=\"sow-text-field\"\t\t\t\t\t\t\t\t\/>\n\t\t\t\t\t\t<\/span>\n\t\t\t\t\t\t\t<\/div>\n\t\t\t\t\t\t<div class=\"sow-form-field sow-form-field-tel\">\n\t\t\t\t<label class=\"sow-form-field-label-above\" for=\"sow-contact-form-field-tu-numero-de-telefono-205958076265d16f01e8043329895910\">\n\t\t\t\t<strong>\n\t\t\t\t\tTu n\u00famero de tel\u00e9fono\t\t\t\t\t\t\t\t\t<\/strong>\n\t\t\t<\/label>\n\t\t\t\t\t\t\t<span class=\"sow-field-container\">\n\t\t\t\t\t\t\t<input\n\t\t\ttype=\"tel\"\n\t\t\tname=\"tu-numero-de-telefono-205958076265d16f01e8043329895910\"\n\t\t\tid=\"sow-contact-form-field-tu-numero-de-telefono-205958076265d16f01e8043329895910\"\n\t\t\tvalue=\"\"\n\t\t\tclass=\"sow-text-field\"\t\t\t\t\t\t\t\t\/>\n\t\t\t\t\t\t<\/span>\n\t\t\t\t\t\t\t<\/div>\n\t\t\t\t\t\t<div class=\"sow-form-field sow-form-field-subject\">\n\t\t\t\t<label class=\"sow-form-field-label-above\" for=\"sow-contact-form-field-asunto-205958076265d16f01e8043329895910\">\n\t\t\t\t<strong>\n\t\t\t\t\tAsunto\t\t\t\t\t\t\t\t\t<\/strong>\n\t\t\t<\/label>\n\t\t\t\t\t\t\t<span class=\"sow-field-container\">\n\t\t\t\t\t\t\t<input\n\t\t\ttype=\"text\"\n\t\t\tname=\"asunto-205958076265d16f01e8043329895910\"\n\t\t\tid=\"sow-contact-form-field-asunto-205958076265d16f01e8043329895910\"\n\t\t\tvalue=\"\"\n\t\t\tclass=\"sow-text-field\"\n\t\t\t\t\t\t\t\t\/>\n\t\t\t\t\t\t<\/span>\n\t\t\t\t\t\t\t<\/div>\n\t\t\t\t\t\t<div class=\"sow-form-field sow-form-field-textarea\">\n\t\t\t\t<label class=\"sow-form-field-label-above\" for=\"sow-contact-form-field-mensaje-205958076265d16f01e8043329895910\">\n\t\t\t\t<strong>\n\t\t\t\t\tMensaje\t\t\t\t\t\t\t\t\t<\/strong>\n\t\t\t<\/label>\n\t\t\t\t\t\t\t<span class=\"sow-field-container\">\n\t\t\t\t\t\t\t<textarea\n\t\t\tname=\"mensaje-205958076265d16f01e8043329895910\"\n\t\t\tid=\"sow-contact-form-field-mensaje-205958076265d16f01e8043329895910\"\n\t\t\trows=\"10\"\n\t\t\t\t\t\t\t\t><\/textarea>\n\t\t\t\t\t\t<\/span>\n\t\t\t\t\t\t\t<\/div>\n\t\t\t\t\t\t<input type=\"text\" name=\"sow-205958076265d16f01e8043329895910\" class=\"sow-text-field\" style=\"display: none !important; visibility: hidden !important;\" autocomplete=\"off\" aria-hidden=\"true\">\n\t\t\n\t\t\n\t\t<div class=\"sow-submit-wrapper sow-submit-styled\">\n\n\t\t\t<button\n\t\t\t\ttype=\"submit\"\n\t\t\t\tclass=\"sow-submit\"\n\t\t\t\t\t\t\t>\n\t\t\t\tEnviar\t\t\t<\/button>\n\t\t<\/div>\n\t\t\t\t<input type=\"hidden\" name=\"instance_hash\" value=\"bc89700c4326ec4a5dc3ea34ab175e12\" \/>\n\t\t<input type=\"hidden\" id=\"_wpnonce\" name=\"_wpnonce\" value=\"421439a700\" \/><input type=\"hidden\" name=\"_wp_http_referer\" value=\"\/index.php?rest_route=%2Fwp%2Fv2%2Fpages%2F174\" \/>\t<\/form>\n\t<\/div><\/div><\/div><div id=\"pgc-174-0-1\"  class=\"panel-grid-cell\" ><div id=\"panel-174-0-1-0\" class=\"so-panel widget widget_text panel-first-child\" data-index=\"1\" ><div class=\"so-rounded panel-widget-style panel-widget-style-for-174-0-1-0\" >\t\t\t<div class=\"textwidget\"><p>Tambi\u00e9n nos puedes ubicar:<\/p>\n<p><strong>Nuestros Tel\u00e9fonos: <\/strong><\/p>\n<p><strong>(+56) 97130 2812<\/strong><\/p>\n<p><strong>243672317<\/strong><\/p>\n<p><strong>243672316<\/strong><\/p>\n<p><strong>Nuestra Ubicaci\u00f3n: Eusebio Lillo N\u00b0 11595 &#8211; La Florida<\/strong><\/p>\n<\/div>\n\t\t<\/div><\/div><div id=\"panel-174-0-1-1\" class=\"so-panel widget widget_block panel-last-child\" data-index=\"2\" ><iframe src=\"https:\/\/www.google.com\/maps\/embed?pb=!1m18!1m12!1m3!1d3324.6847783456824!2d-70.56725172505378!3d-33.56156547334563!2m3!1f0!2f0!3f0!3m2!1i1024!2i768!4f13.1!3m3!1m2!1s0x9662d6d2d3c19b2d%3A0x411f6f92c271b10b!2sEusebio%20Lillo%2011595%2C%208301671%20La%20Florida%2C%20Regi%C3%B3n%20Metropolitana!5e0!3m2!1ses-419!2scl!4v1708304413217!5m2!1ses-419!2scl\" width=\"400\" height=\"300\" style=\"border:0;\" allowfullscreen=\"\" loading=\"lazy\" referrerpolicy=\"no-referrer-when-downgrade\"><\/iframe><\/div><\/div><\/div><\/div>","protected":false},"excerpt":{"rendered":"<p>Tambi\u00e9n nos puedes ubicar: Nuestros Tel\u00e9fonos: (+56) 97130 2812 243672317 243672316 Nuestra Ubicaci\u00f3n: Eusebio Lillo N\u00b0 11595 &#8211; La Florida<\/p>\n","protected":false},"author":1,"featured_media":0,"parent":0,"menu_order":0,"comment_status":"closed","ping_status":"closed","template":"","meta":{"footnotes":""},"class_list":["post-174","page","type-page","status-publish","hentry","post"],"yoast_head":"<!-- This site is optimized with the Yoast SEO plugin v27.4 - https:\/\/yoast.com\/product\/yoast-seo-wordpress\/ -->\n<title>Contacto - Jardin Infantil y Escuela de Leguanje Eusebio Lillo<\/title>\n<meta name=\"robots\" content=\"index, follow, max-snippet:-1, max-image-preview:large, max-video-preview:-1\" \/>\n<link rel=\"canonical\" href=\"https:\/\/jardineusebiolillo.cl\/?page_id=174\" \/>\n<meta property=\"og:locale\" content=\"es_ES\" \/>\n<meta property=\"og:type\" content=\"article\" \/>\n<meta property=\"og:title\" content=\"Contacto - Jardin Infantil y Escuela de Leguanje Eusebio Lillo\" \/>\n<meta property=\"og:description\" content=\"Tambi\u00e9n nos puedes ubicar: Nuestros Tel\u00e9fonos: (+56) 97130 2812 243672317 243672316 Nuestra Ubicaci\u00f3n: Eusebio Lillo N\u00b0 11595 - La Florida\" \/>\n<meta property=\"og:url\" content=\"https:\/\/jardineusebiolillo.cl\/?page_id=174\" \/>\n<meta property=\"og:site_name\" content=\"Jardin Infantil y Escuela de Leguanje Eusebio Lillo\" \/>\n<meta property=\"article:modified_time\" content=\"2024-05-15T20:36:08+00:00\" \/>\n<meta name=\"twitter:card\" content=\"summary_large_image\" \/>\n<meta name=\"twitter:label1\" content=\"Tiempo de lectura\" \/>\n\t<meta name=\"twitter:data1\" content=\"1 minuto\" \/>\n<script type=\"application\/ld+json\" class=\"yoast-schema-graph\">{\"@context\":\"https:\\\/\\\/schema.org\",\"@graph\":[{\"@type\":\"WebPage\",\"@id\":\"https:\\\/\\\/jardineusebiolillo.cl\\\/?page_id=174\",\"url\":\"https:\\\/\\\/jardineusebiolillo.cl\\\/?page_id=174\",\"name\":\"Contacto - Jardin Infantil y Escuela de Leguanje Eusebio Lillo\",\"isPartOf\":{\"@id\":\"https:\\\/\\\/jardineusebiolillo.cl\\\/#website\"},\"datePublished\":\"2024-02-19T01:03:25+00:00\",\"dateModified\":\"2024-05-15T20:36:08+00:00\",\"breadcrumb\":{\"@id\":\"https:\\\/\\\/jardineusebiolillo.cl\\\/?page_id=174#breadcrumb\"},\"inLanguage\":\"es\",\"potentialAction\":[{\"@type\":\"ReadAction\",\"target\":[\"https:\\\/\\\/jardineusebiolillo.cl\\\/?page_id=174\"]}]},{\"@type\":\"BreadcrumbList\",\"@id\":\"https:\\\/\\\/jardineusebiolillo.cl\\\/?page_id=174#breadcrumb\",\"itemListElement\":[{\"@type\":\"ListItem\",\"position\":1,\"name\":\"Portada\",\"item\":\"https:\\\/\\\/jardineusebiolillo.cl\\\/\"},{\"@type\":\"ListItem\",\"position\":2,\"name\":\"Contacto\"}]},{\"@type\":\"WebSite\",\"@id\":\"https:\\\/\\\/jardineusebiolillo.cl\\\/#website\",\"url\":\"https:\\\/\\\/jardineusebiolillo.cl\\\/\",\"name\":\"Jardin Infantil y Escuela de Leguanje Eusebio Lillo\",\"description\":\"Jard\u00edn Infantil y Escuela de lenguaje\",\"publisher\":{\"@id\":\"https:\\\/\\\/jardineusebiolillo.cl\\\/#organization\"},\"potentialAction\":[{\"@type\":\"SearchAction\",\"target\":{\"@type\":\"EntryPoint\",\"urlTemplate\":\"https:\\\/\\\/jardineusebiolillo.cl\\\/?s={search_term_string}\"},\"query-input\":{\"@type\":\"PropertyValueSpecification\",\"valueRequired\":true,\"valueName\":\"search_term_string\"}}],\"inLanguage\":\"es\"},{\"@type\":\"Organization\",\"@id\":\"https:\\\/\\\/jardineusebiolillo.cl\\\/#organization\",\"name\":\"Jardin Infantil y Escuela de Leguanje Eusebio Lillo\",\"url\":\"https:\\\/\\\/jardineusebiolillo.cl\\\/\",\"logo\":{\"@type\":\"ImageObject\",\"inLanguage\":\"es\",\"@id\":\"https:\\\/\\\/jardineusebiolillo.cl\\\/#\\\/schema\\\/logo\\\/image\\\/\",\"url\":\"https:\\\/\\\/i0.wp.com\\\/jardineusebiolillo.cl\\\/wp-content\\\/uploads\\\/2024\\\/02\\\/cropped-logo-recortado-ow97c5zh5xtleypoixn4ggmslkl9xl4k6hx810qwy8-1.png?fit=230%2C200&ssl=1\",\"contentUrl\":\"https:\\\/\\\/i0.wp.com\\\/jardineusebiolillo.cl\\\/wp-content\\\/uploads\\\/2024\\\/02\\\/cropped-logo-recortado-ow97c5zh5xtleypoixn4ggmslkl9xl4k6hx810qwy8-1.png?fit=230%2C200&ssl=1\",\"width\":230,\"height\":200,\"caption\":\"Jardin Infantil y Escuela de Leguanje Eusebio Lillo\"},\"image\":{\"@id\":\"https:\\\/\\\/jardineusebiolillo.cl\\\/#\\\/schema\\\/logo\\\/image\\\/\"}}]}<\/script>\n<!-- \/ Yoast SEO plugin. -->","yoast_head_json":{"title":"Contacto - Jardin Infantil y Escuela de Leguanje Eusebio Lillo","robots":{"index":"index","follow":"follow","max-snippet":"max-snippet:-1","max-image-preview":"max-image-preview:large","max-video-preview":"max-video-preview:-1"},"canonical":"https:\/\/jardineusebiolillo.cl\/?page_id=174","og_locale":"es_ES","og_type":"article","og_title":"Contacto - Jardin Infantil y Escuela de Leguanje Eusebio Lillo","og_description":"Tambi\u00e9n nos puedes ubicar: Nuestros Tel\u00e9fonos: (+56) 97130 2812 243672317 243672316 Nuestra Ubicaci\u00f3n: Eusebio Lillo N\u00b0 11595 - La Florida","og_url":"https:\/\/jardineusebiolillo.cl\/?page_id=174","og_site_name":"Jardin Infantil y Escuela de Leguanje Eusebio Lillo","article_modified_time":"2024-05-15T20:36:08+00:00","twitter_card":"summary_large_image","twitter_misc":{"Tiempo de lectura":"1 minuto"},"schema":{"@context":"https:\/\/schema.org","@graph":[{"@type":"WebPage","@id":"https:\/\/jardineusebiolillo.cl\/?page_id=174","url":"https:\/\/jardineusebiolillo.cl\/?page_id=174","name":"Contacto - Jardin Infantil y Escuela de Leguanje Eusebio Lillo","isPartOf":{"@id":"https:\/\/jardineusebiolillo.cl\/#website"},"datePublished":"2024-02-19T01:03:25+00:00","dateModified":"2024-05-15T20:36:08+00:00","breadcrumb":{"@id":"https:\/\/jardineusebiolillo.cl\/?page_id=174#breadcrumb"},"inLanguage":"es","potentialAction":[{"@type":"ReadAction","target":["https:\/\/jardineusebiolillo.cl\/?page_id=174"]}]},{"@type":"BreadcrumbList","@id":"https:\/\/jardineusebiolillo.cl\/?page_id=174#breadcrumb","itemListElement":[{"@type":"ListItem","position":1,"name":"Portada","item":"https:\/\/jardineusebiolillo.cl\/"},{"@type":"ListItem","position":2,"name":"Contacto"}]},{"@type":"WebSite","@id":"https:\/\/jardineusebiolillo.cl\/#website","url":"https:\/\/jardineusebiolillo.cl\/","name":"Jardin Infantil y Escuela de Leguanje Eusebio Lillo","description":"Jard\u00edn Infantil y Escuela de lenguaje","publisher":{"@id":"https:\/\/jardineusebiolillo.cl\/#organization"},"potentialAction":[{"@type":"SearchAction","target":{"@type":"EntryPoint","urlTemplate":"https:\/\/jardineusebiolillo.cl\/?s={search_term_string}"},"query-input":{"@type":"PropertyValueSpecification","valueRequired":true,"valueName":"search_term_string"}}],"inLanguage":"es"},{"@type":"Organization","@id":"https:\/\/jardineusebiolillo.cl\/#organization","name":"Jardin Infantil y Escuela de Leguanje Eusebio Lillo","url":"https:\/\/jardineusebiolillo.cl\/","logo":{"@type":"ImageObject","inLanguage":"es","@id":"https:\/\/jardineusebiolillo.cl\/#\/schema\/logo\/image\/","url":"https:\/\/i0.wp.com\/jardineusebiolillo.cl\/wp-content\/uploads\/2024\/02\/cropped-logo-recortado-ow97c5zh5xtleypoixn4ggmslkl9xl4k6hx810qwy8-1.png?fit=230%2C200&ssl=1","contentUrl":"https:\/\/i0.wp.com\/jardineusebiolillo.cl\/wp-content\/uploads\/2024\/02\/cropped-logo-recortado-ow97c5zh5xtleypoixn4ggmslkl9xl4k6hx810qwy8-1.png?fit=230%2C200&ssl=1","width":230,"height":200,"caption":"Jardin Infantil y Escuela de Leguanje Eusebio Lillo"},"image":{"@id":"https:\/\/jardineusebiolillo.cl\/#\/schema\/logo\/image\/"}}]}},"jetpack_sharing_enabled":true,"_links":{"self":[{"href":"https:\/\/jardineusebiolillo.cl\/index.php?rest_route=\/wp\/v2\/pages\/174","targetHints":{"allow":["GET"]}}],"collection":[{"href":"https:\/\/jardineusebiolillo.cl\/index.php?rest_route=\/wp\/v2\/pages"}],"about":[{"href":"https:\/\/jardineusebiolillo.cl\/index.php?rest_route=\/wp\/v2\/types\/page"}],"author":[{"embeddable":true,"href":"https:\/\/jardineusebiolillo.cl\/index.php?rest_route=\/wp\/v2\/users\/1"}],"replies":[{"embeddable":true,"href":"https:\/\/jardineusebiolillo.cl\/index.php?rest_route=%2Fwp%2Fv2%2Fcomments&post=174"}],"version-history":[{"count":33,"href":"https:\/\/jardineusebiolillo.cl\/index.php?rest_route=\/wp\/v2\/pages\/174\/revisions"}],"predecessor-version":[{"id":712,"href":"https:\/\/jardineusebiolillo.cl\/index.php?rest_route=\/wp\/v2\/pages\/174\/revisions\/712"}],"wp:attachment":[{"href":"https:\/\/jardineusebiolillo.cl\/index.php?rest_route=%2Fwp%2Fv2%2Fmedia&parent=174"}],"curies":[{"name":"wp","href":"https:\/\/api.w.org\/{rel}","templated":true}]}}